{"id":7,"date":"2017-03-01T02:57:50","date_gmt":"2017-03-01T02:57:50","guid":{"rendered":"http:\/\/localhost\/?page_id=400"},"modified":"2023-07-12T01:42:28","modified_gmt":"2023-07-12T01:42:28","slug":"coming-soon","status":"publish","type":"page","link":"https:\/\/suenoscompartido.com\/","title":{"rendered":"Coming Soon"},"content":{"rendered":"<p>[vc_row][vc_column][grcs_vc_hero_container][vc_row_inner][vc_column_inner][grcs_vc_animated_container enter_animation=&#8221;fadeInDown&#8221; animation_delay=&#8221;500&#8243;][vc_single_image image=&#8221;5014&#8243; img_size=&#8221;full&#8221; alignment=&#8221;center&#8221; css_animation=&#8221;none&#8221; el_class=&#8221;logo&#8221; css=&#8221;.vc_custom_1688521094682{margin-bottom: 2.3vmin !important;}&#8221; el_width=&#8221;27vmax&#8221; el_max_width=&#8221;29vmin&#8221;][\/grcs_vc_animated_container][grcs_vc_animated_container][grcs_vc_text_slider slides=&#8221;%5B%7B%22slide_text%22%3A%22SUENOS%3Cbr%3ECOMPARTIDOS.%22%7D%2C%7B%22slide_text%22%3A%22MENSAJES%20ONIRICOS%20%3Cbr%3EREVELAN%20ANHELOS%20%5Cn%22%7D%2C%7B%22slide_text%22%3A%22INTERPRETA%20TUS%20%3Cbr%3ESUENOS%20REVELADORES%5Cn%22%7D%5D&#8221; disable_mouse_control=&#8221;yes&#8221; css=&#8221;.vc_custom_1688522244664{margin-bottom: 3.69em !important;}&#8221;][\/grcs_vc_animated_container][grcs_vc_animated_container][vc_column_text css=&#8221;.vc_custom_1688522351096{margin-bottom: 4.3em !important;}&#8221; el_class=&#8221;grcs_subline&#8221;]Pronto llega el significado on\u00edrico.[\/vc_column_text][\/grcs_vc_animated_container][grcs_vc_animated_container][grcs_vc_open_overlay][\/grcs_vc_animated_container][\/vc_column_inner][\/vc_row_inner][\/grcs_vc_hero_container][grcs_vc_overlay_container bullet_nav=&#8221;yes&#8221; animation=&#8221;slide-from-bottom&#8221;][grcs_vc_overlay_section][vc_row_inner][vc_column_inner css=&#8221;.vc_custom_1486415771672{padding-top: 5vh !important;padding-bottom: 5vh !important;}&#8221;][vc_column_text css=&#8221;.vc_custom_1689125417435{margin-bottom: 2.3em !important;}&#8221;]<\/p>\n<h1>Pronto, significado de sue\u00f1os.<\/h1>\n<p>[\/vc_column_text][vc_column_text el_width=&#8221;600px&#8221; css=&#8221;.vc_custom_1689125726700{margin-bottom: 2.92em !important;}&#8221;]Desbloquea el enigm\u00e1tico reino de los sue\u00f1os y ad\u00e9ntrate en las profundidades de tu subconsciente. Nuestro pr\u00f3ximo sitio web es tu puerta de entrada para desentra\u00f1ar los misterios que se despliegan mientras duermes. Descubre los significados ocultos detr\u00e1s de tus sue\u00f1os, desvela la simbolog\u00eda que danza en tus visiones nocturnas y obt\u00e9n conocimientos profundos sobre tus pensamientos y deseos m\u00e1s \u00edntimos. Con la gu\u00eda de expertos y herramientas poderosas, emprende un viaje transformador de autodescubrimiento mientras navegas por los fascinantes paisajes de tus sue\u00f1os. Mantente atento\/a para el gran lanzamiento, donde los secretos de tu sue\u00f1o te esperan. Prep\u00e1rate para desbloquear la clave para comprender tus sue\u00f1os como nunca antes.[\/vc_column_text][grcs_vc_subscribe_form form_mode=&#8221;file&#8221; subscriber_list_output=&#8221;crytek1@live.de<br \/>\nbananan@late.net<br \/>\ntrander@lp.com&#8221; css=&#8221;.vc_custom_1689125747280{margin-bottom: 2.76em !important;}&#8221;][\/vc_column_inner][\/vc_row_inner][\/grcs_vc_overlay_section][grcs_vc_overlay_section][vc_row_inner][vc_column_inner css=&#8221;.vc_custom_1486415780895{padding-top: 5vh !important;padding-bottom: 5vh !important;}&#8221;][vc_column_text css=&#8221;.vc_custom_1689125876278{margin-bottom: 2.19em !important;}&#8221;]<\/p>\n<h1 id=\"tw-target-text\" class=\"tw-data-text tw-text-large tw-ta\" dir=\"ltr\" data-placeholder=\"Translation\"><span class=\"Y2IQFc\" lang=\"es\">\u00bfQu\u00e9 significa tu sue\u00f1o?<\/span><\/h1>\n<p>[\/vc_column_text][vc_column_text css=&#8221;.vc_custom_1689126118975{margin-bottom: 2.3em !important;}&#8221; el_width=&#8221;316px&#8221;]Descubre el significado de tus sue\u00f1os. Env\u00edanos un correo con los detalles de tu sue\u00f1o y te responderemos con una interpretaci\u00f3n. Despierta el poder de comprender tus sue\u00f1os. Cont\u00e1ctanos ahora.[\/vc_column_text][grcs_vc_contact_form][\/vc_column_inner][\/vc_row_inner][\/grcs_vc_overlay_section][\/grcs_vc_overlay_container][\/vc_column][\/vc_row]<\/p>\n","protected":false},"excerpt":{"rendered":"<p>[vc_row][vc_column][grcs_vc_hero_container][vc_row_inner][vc_column_inner][grcs_vc_animated_container enter_animation=&#8221;fadeInDown&#8221; animation_delay=&#8221;500&#8243;][vc_single_image image=&#8221;5014&#8243; img_size=&#8221;full&#8221; alignment=&#8221;center&#8221; css_animation=&#8221;none&#8221; el_class=&#8221;logo&#8221; css=&#8221;.vc_custom_1688521094682{margin-bottom: 2.3vmin !important;}&#8221; el_width=&#8221;27vmax&#8221; el_max_width=&#8221;29vmin&#8221;][\/grcs_vc_animated_container][grcs_vc_animated_container][grcs_vc_text_slider slides=&#8221;%5B%7B%22slide_text%22%3A%22SUENOS%3Cbr%3ECOMPARTIDOS.%22%7D%2C%7B%22slide_text%22%3A%22MENSAJES%20ONIRICOS%20%3Cbr%3EREVELAN%20ANHELOS%20%5Cn%22%7D%2C%7B%22slide_text%22%3A%22INTERPRETA%20TUS%20%3Cbr%3ESUENOS%20REVELADORES%5Cn%22%7D%5D&#8221; disable_mouse_control=&#8221;yes&#8221; css=&#8221;.vc_custom_1688522244664{margin-bottom: 3.69em !important;}&#8221;][\/grcs_vc_animated_container][grcs_vc_animated_container][vc_column_text css=&#8221;.vc_custom_1688522351096{margin-bottom: 4.3em !important;}&#8221; el_class=&#8221;grcs_subline&#8221;]Pronto llega el significado on\u00edrico.[\/vc_column_text][\/grcs_vc_animated_container][grcs_vc_animated_container][grcs_vc_open_overlay][\/grcs_vc_animated_container][\/vc_column_inner][\/vc_row_inner][\/grcs_vc_hero_container][grcs_vc_overlay_container bullet_nav=&#8221;yes&#8221; animation=&#8221;slide-from-bottom&#8221;][grcs_vc_overlay_section][vc_row_inner][vc_column_inner css=&#8221;.vc_custom_1486415771672{padding-top: 5vh !important;padding-bottom: 5vh !important;}&#8221;][vc_column_text css=&#8221;.vc_custom_1689125417435{margin-bottom: 2.3em !important;}&#8221;] Pronto, significado de sue\u00f1os. [\/vc_column_text][vc_column_text el_width=&#8221;600px&#8221; css=&#8221;.vc_custom_1689125726700{margin-bottom: 2.92em !important;}&#8221;]Desbloquea el enigm\u00e1tico reino de los sue\u00f1os y ad\u00e9ntrate en las [&hellip;]<\/p>\n","protected":false},"author":1,"featured_media":0,"parent":0,"menu_order":0,"comment_status":"closed","ping_status":"closed","template":"template-coming-soon.php","meta":{"footnotes":""},"_links":{"self":[{"href":"https:\/\/suenoscompartido.com\/index.php\/wp-json\/wp\/v2\/pages\/7"}],"collection":[{"href":"https:\/\/suenoscompartido.com\/index.php\/wp-json\/wp\/v2\/pages"}],"about":[{"href":"https:\/\/suenoscompartido.com\/index.php\/wp-json\/wp\/v2\/types\/page"}],"author":[{"embeddable":true,"href":"https:\/\/suenoscompartido.com\/index.php\/wp-json\/wp\/v2\/users\/1"}],"replies":[{"embeddable":true,"href":"https:\/\/suenoscompartido.com\/index.php\/wp-json\/wp\/v2\/comments?post=7"}],"version-history":[{"count":9,"href":"https:\/\/suenoscompartido.com\/index.php\/wp-json\/wp\/v2\/pages\/7\/revisions"}],"predecessor-version":[{"id":5029,"href":"https:\/\/suenoscompartido.com\/index.php\/wp-json\/wp\/v2\/pages\/7\/revisions\/5029"}],"wp:attachment":[{"href":"https:\/\/suenoscompartido.com\/index.php\/wp-json\/wp\/v2\/media?parent=7"}],"curies":[{"name":"wp","href":"https:\/\/api.w.org\/{rel}","templated":true}]}}